{"id":1261,"date":"2025-01-05T23:36:31","date_gmt":"2025-01-05T23:36:31","guid":{"rendered":"https:\/\/elasombro.com\/sitio2024\/?page_id=1261"},"modified":"2025-08-14T03:20:50","modified_gmt":"2025-08-14T03:20:50","slug":"el-orden-el-caos","status":"publish","type":"page","link":"https:\/\/elasombro.com\/sitio2024\/el-orden-el-caos\/","title":{"rendered":"El Orden &amp; El Caos!"},"content":{"rendered":"\t\t<div data-elementor-type=\"wp-page\" data-elementor-id=\"1261\" class=\"elementor elementor-1261\">\n\t\t\t\t<div class=\"elementor-element elementor-element-29f9685 e-flex e-con-boxed e-con e-parent\" data-id=\"29f9685\" data-element_type=\"container\" data-e-type=\"container\" data-settings=\"{&quot;background_background&quot;:&quot;classic&quot;}\">\n\t\t\t\t\t<div class=\"e-con-inner\">\n\t\t\t\t<div class=\"elementor-element elementor-element-e6780c4 elementor-widget elementor-widget-image\" data-id=\"e6780c4\" data-element_type=\"widget\" data-e-type=\"widget\" data-widget_type=\"image.default\">\n\t\t\t\t<div class=\"elementor-widget-container\">\n\t\t\t\t\t\t\t\t\t\t\t\t\t\t\t\t<a href=\"https:\/\/elasombro.com\/sitio2024\/contenidos\/\">\n\t\t\t\t\t\t\t<img decoding=\"async\" width=\"160\" height=\"63\" src=\"https:\/\/elasombro.com\/sitio2024\/wp-content\/uploads\/2025\/01\/logoWEb-1.png\" class=\"attachment-medium_large size-medium_large wp-image-938\" alt=\"\" \/>\t\t\t\t\t\t\t\t<\/a>\n\t\t\t\t\t\t\t\t\t\t\t\t\t\t\t<\/div>\n\t\t\t\t<\/div>\n\t\t\t\t\t<\/div>\n\t\t\t\t<\/div>\n\t\t<div class=\"elementor-element elementor-element-2f8b2a8 e-flex e-con-boxed e-con e-parent\" data-id=\"2f8b2a8\" data-element_type=\"container\" data-e-type=\"container\" data-settings=\"{&quot;background_background&quot;:&quot;classic&quot;}\">\n\t\t\t\t\t<div class=\"e-con-inner\">\n\t\t\t\t<div class=\"elementor-element elementor-element-95bf2a8 elementor-widget elementor-widget-image\" data-id=\"95bf2a8\" data-element_type=\"widget\" data-e-type=\"widget\" data-widget_type=\"image.default\">\n\t\t\t\t<div class=\"elementor-widget-container\">\n\t\t\t\t\t\t\t\t\t\t\t\t\t\t\t\t<a href=\"https:\/\/elasombro.com\/sitio2024\/contenidos\">\n\t\t\t\t\t\t\t<img decoding=\"async\" src=\"https:\/\/elasombro.com\/sitio2024\/wp-content\/uploads\/2025\/01\/CONTENIDOS.png\" title=\"CONTENIDOS\" alt=\"CONTENIDOS\" loading=\"lazy\" \/>\t\t\t\t\t\t\t\t<\/a>\n\t\t\t\t\t\t\t\t\t\t\t\t\t\t\t<\/div>\n\t\t\t\t<\/div>\n\t\t\t\t\t<\/div>\n\t\t\t\t<\/div>\n\t\t<div class=\"elementor-element elementor-element-5227bed e-flex e-con-boxed e-con e-parent\" data-id=\"5227bed\" data-element_type=\"container\" data-e-type=\"container\" data-settings=\"{&quot;background_background&quot;:&quot;classic&quot;}\">\n\t\t\t\t\t<div class=\"e-con-inner\">\n\t\t<div class=\"elementor-element elementor-element-0ec6cda e-con-full e-flex e-con e-child\" data-id=\"0ec6cda\" data-element_type=\"container\" data-e-type=\"container\" data-settings=\"{&quot;background_background&quot;:&quot;classic&quot;}\">\n\t\t<div class=\"elementor-element elementor-element-75dce1e e-con-full e-flex e-con e-child\" data-id=\"75dce1e\" data-element_type=\"container\" data-e-type=\"container\">\n\t\t\t\t<div class=\"elementor-element elementor-element-c88c4b6 elementor-widget elementor-widget-image\" data-id=\"c88c4b6\" data-element_type=\"widget\" data-e-type=\"widget\" data-widget_type=\"image.default\">\n\t\t\t\t<div class=\"elementor-widget-container\">\n\t\t\t\t\t\t\t\t\t\t\t\t\t\t\t<img fetchpriority=\"high\" decoding=\"async\" width=\"806\" height=\"806\" src=\"https:\/\/elasombro.com\/sitio2024\/wp-content\/uploads\/2025\/01\/Elorden.png\" class=\"attachment-large size-large wp-image-895\" alt=\"\" srcset=\"https:\/\/elasombro.com\/sitio2024\/wp-content\/uploads\/2025\/01\/Elorden.png 806w, https:\/\/elasombro.com\/sitio2024\/wp-content\/uploads\/2025\/01\/Elorden-600x600.png 600w, https:\/\/elasombro.com\/sitio2024\/wp-content\/uploads\/2025\/01\/Elorden-100x100.png 100w, https:\/\/elasombro.com\/sitio2024\/wp-content\/uploads\/2025\/01\/Elorden-300x300.png 300w, https:\/\/elasombro.com\/sitio2024\/wp-content\/uploads\/2025\/01\/Elorden-150x150.png 150w, https:\/\/elasombro.com\/sitio2024\/wp-content\/uploads\/2025\/01\/Elorden-768x768.png 768w\" sizes=\"(max-width: 806px) 100vw, 806px\" \/>\t\t\t\t\t\t\t\t\t\t\t\t\t\t\t<\/div>\n\t\t\t\t<\/div>\n\t\t\t\t<\/div>\n\t\t<div class=\"elementor-element elementor-element-c68ecaf e-con-full e-flex e-con e-child\" data-id=\"c68ecaf\" data-element_type=\"container\" data-e-type=\"container\">\n\t\t\t\t<div class=\"elementor-element elementor-element-d40253b elementor-widget elementor-widget-heading\" data-id=\"d40253b\" data-element_type=\"widget\" data-e-type=\"widget\" data-widget_type=\"heading.default\">\n\t\t\t\t<div class=\"elementor-widget-container\">\n\t\t\t\t\t<h1 class=\"elementor-heading-title elementor-size-default\">El Oden &amp; El Caos!<\/h1>\t\t\t\t<\/div>\n\t\t\t\t<\/div>\n\t\t\t\t<\/div>\n\t\t\t\t<\/div>\n\t\t\t\t\t<\/div>\n\t\t\t\t<\/div>\n\t\t<div class=\"elementor-element elementor-element-bd6493e e-flex e-con-boxed e-con e-parent\" data-id=\"bd6493e\" data-element_type=\"container\" data-e-type=\"container\" data-settings=\"{&quot;background_background&quot;:&quot;classic&quot;}\">\n\t\t\t\t\t<div class=\"e-con-inner\">\n\t\t\t\t<div class=\"elementor-element elementor-element-2d85200 elementor-widget elementor-widget-text-editor\" data-id=\"2d85200\" data-element_type=\"widget\" data-e-type=\"widget\" data-widget_type=\"text-editor.default\">\n\t\t\t\t<div class=\"elementor-widget-container\">\n\t\t\t\t\t\t\t\t\t<p>Un Programa de Radio normal, hecho por anormales. <br>M\u00fasica, informaci\u00f3n general y una pizca de fino humor (?).<\/p>\n<p>Este env\u00edo radial en formato on-line se desprende del programa que ya se venia emitiendo en FM Rock &amp; Pop Net (Mendoza)&nbsp; y cont\u00f3 con 3 temporadas al aire por las cuales pasaron figuras de alto perfil de la \u00abFar\u00e1ndula Menduca\u00bb<\/p>\n<p>Conducci\u00f3n: Gustavo De La Fontaine.<br>Co-conducci\u00f3n &amp; Operaci\u00f3n T\u00e9cnica: Victor A. Viola.<br>Columnistas: Juan Pablo Arias \/ Diego Lonigro.<\/p>\n<p>Se emiti\u00f3 por El Orden &amp; El Caos Radio! los lunes a las 15:00hs (Arg)<\/p>\t\t\t\t\t\t\t\t<\/div>\n\t\t\t\t<\/div>\n\t\t<div class=\"elementor-element elementor-element-b5e35b2 e-con-full e-flex e-con e-child\" data-id=\"b5e35b2\" data-element_type=\"container\" data-e-type=\"container\">\n\t\t\t\t<div class=\"elementor-element elementor-element-b1c16ab elementor-widget elementor-widget-text-editor\" data-id=\"b1c16ab\" data-element_type=\"widget\" data-e-type=\"widget\" data-widget_type=\"text-editor.default\">\n\t\t\t\t<div class=\"elementor-widget-container\">\n\t\t\t\t\t\t\t\t\t<iframe style=\"border-radius: 12px;\" src=\"https:\/\/open.spotify.com\/embed\/episode\/5rdBkxz4lllVwcPAa4xz6K?utm_source=generator\" width=\"100%\" height=\"352\" frameborder=\"0\" allowfullscreen=\"allowfullscreen\"><span data-mce-type=\"bookmark\" style=\"display: inline-block; width: 0px; overflow: hidden; line-height: 0;\" class=\"mce_SELRES_start\">\ufeff<\/span><span data-mce-type=\"bookmark\" style=\"display: inline-block; width: 0px; overflow: hidden; line-height: 0;\" class=\"mce_SELRES_start\">\ufeff<\/span><span data-mce-type=\"bookmark\" style=\"display: inline-block; width: 0px; overflow: hidden; line-height: 0;\" class=\"mce_SELRES_start\">\ufeff<\/span><\/iframe>\n<iframe style=\"border-radius: 12px;\" src=\"https:\/\/open.spotify.com\/embed\/episode\/1Dl1jGHJzZ1LaRzgZAhm2w?utm_source=generator\" width=\"100%\" height=\"352\" frameborder=\"0\" allowfullscreen=\"allowfullscreen\"><\/iframe>\n<iframe style=\"border-radius: 12px;\" src=\"https:\/\/open.spotify.com\/embed\/episode\/4TuSj28Yxal4ouB2yd8R2O?utm_source=generator\" width=\"100%\" height=\"352\" frameborder=\"0\" allowfullscreen=\"allowfullscreen\"><\/iframe>\n<iframe style=\"border-radius: 12px;\" src=\"https:\/\/open.spotify.com\/embed\/episode\/0Q9venakt6hYrUGM7DsjoO?utm_source=generator\" width=\"100%\" height=\"352\" frameborder=\"0\" allowfullscreen=\"allowfullscreen\" data-testid=\"embed-iframe\"><span data-mce-type=\"bookmark\" style=\"display: inline-block; width: 0px; overflow: hidden; line-height: 0;\" class=\"mce_SELRES_end\">\ufeff<\/span><span data-mce-type=\"bookmark\" style=\"display: inline-block; width: 0px; overflow: hidden; line-height: 0;\" class=\"mce_SELRES_start\">\ufeff<\/span><\/iframe>\n<iframe src=\"https:\/\/www.ivoox.com\/player_ej_22721473_6_1.html?c1=040c04\" width=\"100%\" height=\"200\" frameborder=\"0\" scrolling=\"no\" allowfullscreen=\"allowfullscreen\"><\/iframe>\n<iframe src=\"https:\/\/www.ivoox.com\/player_ej_21795207_6_1.html?c1=040c04\" width=\"100%\" height=\"200\" frameborder=\"0\" scrolling=\"no\" allowfullscreen=\"allowfullscreen\"><\/iframe>\n<iframe src=\"https:\/\/www.ivoox.com\/player_ej_20275656_6_1.html?c1=040c04\" width=\"100%\" height=\"200\" frameborder=\"0\" scrolling=\"no\" allowfullscreen=\"allowfullscreen\"><\/iframe>\n<iframe src=\"https:\/\/www.ivoox.com\/player_ej_10388519_6_1.html?c1=040c04\" width=\"100%\" height=\"200\" frameborder=\"0\" scrolling=\"no\" allowfullscreen=\"allowfullscreen\"><\/iframe>\t\t\t\t\t\t\t\t<\/div>\n\t\t\t\t<\/div>\n\t\t\t\t<\/div>\n\t\t\t\t\t<\/div>\n\t\t\t\t<\/div>\n\t\t<div class=\"elementor-element elementor-element-7fc41e6 e-flex e-con-boxed e-con e-parent\" data-id=\"7fc41e6\" data-element_type=\"container\" data-e-type=\"container\" data-settings=\"{&quot;background_background&quot;:&quot;classic&quot;}\">\n\t\t\t\t\t<div class=\"e-con-inner\">\n\t\t\t\t<div class=\"elementor-element elementor-element-26cbb43 elementor-widget elementor-widget-image\" data-id=\"26cbb43\" data-element_type=\"widget\" data-e-type=\"widget\" data-widget_type=\"image.default\">\n\t\t\t\t<div class=\"elementor-widget-container\">\n\t\t\t\t\t\t\t\t\t\t\t\t\t\t\t\t<a href=\"https:\/\/wa.link\/ruw313\">\n\t\t\t\t\t\t\t<img decoding=\"async\" src=\"https:\/\/elasombro.com\/sitio2024\/wp-content\/uploads\/2024\/02\/04.png\" title=\"04\" alt=\"04\" loading=\"lazy\" \/>\t\t\t\t\t\t\t\t<\/a>\n\t\t\t\t\t\t\t\t\t\t\t\t\t\t\t<\/div>\n\t\t\t\t<\/div>\n\t\t\t\t\t<\/div>\n\t\t\t\t<\/div>\n\t\t\t\t<\/div>\n\t\t","protected":false},"excerpt":{"rendered":"<p>El Oden &amp; El Caos! Un Programa de Radio normal, hecho por anormales. M\u00fasica, informaci\u00f3n general y una pizca de [&hellip;]<\/p>\n","protected":false},"author":2,"featured_media":0,"parent":0,"menu_order":0,"comment_status":"closed","ping_status":"closed","template":"","meta":{"site-sidebar-layout":"no-sidebar","site-content-layout":"","ast-site-content-layout":"full-width-container","site-content-style":"default","site-sidebar-style":"default","ast-global-header-display":"","ast-banner-title-visibility":"","ast-main-header-display":"","ast-hfb-above-header-display":"","ast-hfb-below-header-display":"","ast-hfb-mobile-header-display":"","site-post-title":"disabled","ast-breadcrumbs-content":"","ast-featured-img":"disabled","footer-sml-layout":"","ast-disable-related-posts":"","theme-transparent-header-meta":"","adv-header-id-meta":"","stick-header-meta":"","header-above-stick-meta":"","header-main-stick-meta":"","header-below-stick-meta":"","astra-migrate-meta-layouts":"default","ast-page-background-enabled":"default","ast-page-background-meta":{"desktop":{"background-color":"var(--ast-global-color-4)","background-image":"","background-repeat":"repeat","background-position":"center center","background-size":"auto","background-attachment":"scroll","background-type":"","background-media":"","overlay-type":"","overlay-color":"","overlay-opacity":"","overlay-gradient":""},"tablet":{"background-color":"","background-image":"","background-repeat":"repeat","background-position":"center center","background-size":"auto","background-attachment":"scroll","background-type":"","background-media":"","overlay-type":"","overlay-color":"","overlay-opacity":"","overlay-gradient":""},"mobile":{"background-color":"","background-image":"","background-repeat":"repeat","background-position":"center center","background-size":"auto","background-attachment":"scroll","background-type":"","background-media":"","overlay-type":"","overlay-color":"","overlay-opacity":"","overlay-gradient":""}},"ast-content-background-meta":{"desktop":{"background-color":"var(--ast-global-color-5)","background-image":"","background-repeat":"repeat","background-position":"center center","background-size":"auto","background-attachment":"scroll","background-type":"","background-media":"","overlay-type":"","overlay-color":"","overlay-opacity":"","overlay-gradient":""},"tablet":{"background-color":"var(--ast-global-color-5)","background-image":"","background-repeat":"repeat","background-position":"center center","background-size":"auto","background-attachment":"scroll","background-type":"","background-media":"","overlay-type":"","overlay-color":"","overlay-opacity":"","overlay-gradient":""},"mobile":{"background-color":"var(--ast-global-color-5)","background-image":"","background-repeat":"repeat","background-position":"center center","background-size":"auto","background-attachment":"scroll","background-type":"","background-media":"","overlay-type":"","overlay-color":"","overlay-opacity":"","overlay-gradient":""}},"footnotes":""},"class_list":["post-1261","page","type-page","status-publish","hentry"],"_links":{"self":[{"href":"https:\/\/elasombro.com\/sitio2024\/wp-json\/wp\/v2\/pages\/1261","targetHints":{"allow":["GET"]}}],"collection":[{"href":"https:\/\/elasombro.com\/sitio2024\/wp-json\/wp\/v2\/pages"}],"about":[{"href":"https:\/\/elasombro.com\/sitio2024\/wp-json\/wp\/v2\/types\/page"}],"author":[{"embeddable":true,"href":"https:\/\/elasombro.com\/sitio2024\/wp-json\/wp\/v2\/users\/2"}],"replies":[{"embeddable":true,"href":"https:\/\/elasombro.com\/sitio2024\/wp-json\/wp\/v2\/comments?post=1261"}],"version-history":[{"count":37,"href":"https:\/\/elasombro.com\/sitio2024\/wp-json\/wp\/v2\/pages\/1261\/revisions"}],"predecessor-version":[{"id":1820,"href":"https:\/\/elasombro.com\/sitio2024\/wp-json\/wp\/v2\/pages\/1261\/revisions\/1820"}],"wp:attachment":[{"href":"https:\/\/elasombro.com\/sitio2024\/wp-json\/wp\/v2\/media?parent=1261"}],"curies":[{"name":"wp","href":"https:\/\/api.w.org\/{rel}","templated":true}]}}