{"id":1333,"date":"2025-01-06T00:51:58","date_gmt":"2025-01-06T00:51:58","guid":{"rendered":"https:\/\/elasombro.com\/sitio2024\/?page_id=1333"},"modified":"2025-08-14T03:14:09","modified_gmt":"2025-08-14T03:14:09","slug":"trasnocheclandestina","status":"publish","type":"page","link":"https:\/\/elasombro.com\/sitio2024\/trasnocheclandestina\/","title":{"rendered":"#TrasnocheClandestina"},"content":{"rendered":"\t\t<div data-elementor-type=\"wp-page\" data-elementor-id=\"1333\" class=\"elementor elementor-1333\">\n\t\t\t\t<div class=\"elementor-element elementor-element-3aa7fed e-flex e-con-boxed e-con e-parent\" data-id=\"3aa7fed\" data-element_type=\"container\" data-e-type=\"container\" data-settings=\"{&quot;background_background&quot;:&quot;classic&quot;}\">\n\t\t\t\t\t<div class=\"e-con-inner\">\n\t\t\t\t<div class=\"elementor-element elementor-element-379a634 elementor-widget elementor-widget-image\" data-id=\"379a634\" data-element_type=\"widget\" data-e-type=\"widget\" data-widget_type=\"image.default\">\n\t\t\t\t<div class=\"elementor-widget-container\">\n\t\t\t\t\t\t\t\t\t\t\t\t\t\t\t\t<a href=\"https:\/\/elasombro.com\/sitio2024\/contenidos\/\">\n\t\t\t\t\t\t\t<img decoding=\"async\" width=\"160\" height=\"63\" src=\"https:\/\/elasombro.com\/sitio2024\/wp-content\/uploads\/2025\/01\/logoWEb-1.png\" class=\"attachment-medium_large size-medium_large wp-image-938\" alt=\"\" \/>\t\t\t\t\t\t\t\t<\/a>\n\t\t\t\t\t\t\t\t\t\t\t\t\t\t\t<\/div>\n\t\t\t\t<\/div>\n\t\t\t\t\t<\/div>\n\t\t\t\t<\/div>\n\t\t<div class=\"elementor-element elementor-element-cf4c94f e-flex e-con-boxed e-con e-parent\" data-id=\"cf4c94f\" data-element_type=\"container\" data-e-type=\"container\" data-settings=\"{&quot;background_background&quot;:&quot;classic&quot;}\">\n\t\t\t\t\t<div class=\"e-con-inner\">\n\t\t\t\t<div class=\"elementor-element elementor-element-60f7e11 elementor-widget elementor-widget-image\" data-id=\"60f7e11\" data-element_type=\"widget\" data-e-type=\"widget\" data-widget_type=\"image.default\">\n\t\t\t\t<div class=\"elementor-widget-container\">\n\t\t\t\t\t\t\t\t\t\t\t\t\t\t\t\t<a href=\"https:\/\/elasombro.com\/sitio2024\/contenidos\">\n\t\t\t\t\t\t\t<img decoding=\"async\" src=\"https:\/\/elasombro.com\/sitio2024\/wp-content\/uploads\/2025\/01\/CONTENIDOS.png\" title=\"CONTENIDOS\" alt=\"CONTENIDOS\" loading=\"lazy\" \/>\t\t\t\t\t\t\t\t<\/a>\n\t\t\t\t\t\t\t\t\t\t\t\t\t\t\t<\/div>\n\t\t\t\t<\/div>\n\t\t\t\t\t<\/div>\n\t\t\t\t<\/div>\n\t\t<div class=\"elementor-element elementor-element-39fd707 e-flex e-con-boxed e-con e-parent\" data-id=\"39fd707\" data-element_type=\"container\" data-e-type=\"container\" data-settings=\"{&quot;background_background&quot;:&quot;classic&quot;}\">\n\t\t\t\t\t<div class=\"e-con-inner\">\n\t\t<div class=\"elementor-element elementor-element-f578952 e-con-full e-flex e-con e-child\" data-id=\"f578952\" data-element_type=\"container\" data-e-type=\"container\">\n\t\t<div class=\"elementor-element elementor-element-390cc23 e-con-full e-flex e-con e-child\" data-id=\"390cc23\" data-element_type=\"container\" data-e-type=\"container\" data-settings=\"{&quot;background_background&quot;:&quot;classic&quot;}\">\n\t\t<div class=\"elementor-element elementor-element-08de070 e-con-full e-flex e-con e-child\" data-id=\"08de070\" data-element_type=\"container\" data-e-type=\"container\">\n\t\t\t\t<div class=\"elementor-element elementor-element-9aec4d5 elementor-widget elementor-widget-image\" data-id=\"9aec4d5\" data-element_type=\"widget\" data-e-type=\"widget\" data-widget_type=\"image.default\">\n\t\t\t\t<div class=\"elementor-widget-container\">\n\t\t\t\t\t\t\t\t\t\t\t\t\t\t\t<img fetchpriority=\"high\" decoding=\"async\" width=\"796\" height=\"564\" src=\"https:\/\/elasombro.com\/sitio2024\/wp-content\/uploads\/2025\/01\/TrasnocheClandestina2024.png\" class=\"attachment-large size-large wp-image-927\" alt=\"\" srcset=\"https:\/\/elasombro.com\/sitio2024\/wp-content\/uploads\/2025\/01\/TrasnocheClandestina2024.png 796w, https:\/\/elasombro.com\/sitio2024\/wp-content\/uploads\/2025\/01\/TrasnocheClandestina2024-600x425.png 600w, https:\/\/elasombro.com\/sitio2024\/wp-content\/uploads\/2025\/01\/TrasnocheClandestina2024-300x213.png 300w, https:\/\/elasombro.com\/sitio2024\/wp-content\/uploads\/2025\/01\/TrasnocheClandestina2024-768x544.png 768w\" sizes=\"(max-width: 796px) 100vw, 796px\" \/>\t\t\t\t\t\t\t\t\t\t\t\t\t\t\t<\/div>\n\t\t\t\t<\/div>\n\t\t\t\t<\/div>\n\t\t<div class=\"elementor-element elementor-element-10423f0 e-con-full e-flex e-con e-child\" data-id=\"10423f0\" data-element_type=\"container\" data-e-type=\"container\">\n\t\t\t\t<div class=\"elementor-element elementor-element-bd5b9c6 elementor-widget elementor-widget-heading\" data-id=\"bd5b9c6\" data-element_type=\"widget\" data-e-type=\"widget\" data-widget_type=\"heading.default\">\n\t\t\t\t<div class=\"elementor-widget-container\">\n\t\t\t\t\t<h1 class=\"elementor-heading-title elementor-size-default\">#Trasnoche\nClandestina<\/h1>\t\t\t\t<\/div>\n\t\t\t\t<\/div>\n\t\t\t\t<\/div>\n\t\t\t\t<\/div>\n\t\t\t\t<\/div>\n\t\t\t\t\t<\/div>\n\t\t\t\t<\/div>\n\t\t<div class=\"elementor-element elementor-element-a9e7591 e-flex e-con-boxed e-con e-parent\" data-id=\"a9e7591\" data-element_type=\"container\" data-e-type=\"container\" data-settings=\"{&quot;background_background&quot;:&quot;classic&quot;}\">\n\t\t\t\t\t<div class=\"e-con-inner\">\n\t\t\t\t<div class=\"elementor-element elementor-element-647f48f elementor-widget elementor-widget-text-editor\" data-id=\"647f48f\" data-element_type=\"widget\" data-e-type=\"widget\" data-widget_type=\"text-editor.default\">\n\t\t\t\t<div class=\"elementor-widget-container\">\n\t\t\t\t\t\t\t\t\t<p>Programa nocturno dedicado a la difusi\u00f3n de Rock \/ Pop Under de Mendoza, Argentina y de Latinoam\u00e9rica.<br \/>M\u00fasica, entrevistas, noticias varias. Rock Under Latino!<br \/>Emitido los mi\u00e9rcoles a la noche por El Orden y El Caos Radio!<\/p><p>Conducci\u00f3n y Operaci\u00f3n T\u00e9cnica: Victor A. Viola<\/p>\t\t\t\t\t\t\t\t<\/div>\n\t\t\t\t<\/div>\n\t\t<div class=\"elementor-element elementor-element-00f6275 e-con-full e-flex e-con e-child\" data-id=\"00f6275\" data-element_type=\"container\" data-e-type=\"container\">\n\t\t\t\t<div class=\"elementor-element elementor-element-2ea0aef elementor-widget elementor-widget-text-editor\" data-id=\"2ea0aef\" data-element_type=\"widget\" data-e-type=\"widget\" data-widget_type=\"text-editor.default\">\n\t\t\t\t<div class=\"elementor-widget-container\">\n\t\t\t\t\t\t\t\t\t<iframe style=\"border-radius: 12px;\" src=\"https:\/\/open.spotify.com\/embed\/episode\/6H1s2aIjvTYFOslNp5LucE?utm_source=generator\" width=\"100%\" height=\"352\" frameborder=\"0\" allowfullscreen=\"allowfullscreen\"><span data-mce-type=\"bookmark\" style=\"display: inline-block; width: 0px; overflow: hidden; line-height: 0;\" class=\"mce_SELRES_start\">\ufeff<\/span><span data-mce-type=\"bookmark\" style=\"display: inline-block; width: 0px; overflow: hidden; line-height: 0;\" class=\"mce_SELRES_start\">\ufeff<\/span><\/iframe>\n<iframe style=\"border-radius: 12px;\" src=\"https:\/\/open.spotify.com\/embed\/episode\/5cUJR359J9haIItJoWxYb1?utm_source=generator\" width=\"100%\" height=\"352\" frameborder=\"0\" allowfullscreen=\"allowfullscreen\"><\/iframe>\n<iframe style=\"border-radius: 12px;\" src=\"https:\/\/open.spotify.com\/embed\/episode\/7Hsi2DSZ2GVe92gkzx7Kim?utm_source=generator\" width=\"100%\" height=\"352\" frameborder=\"0\" allowfullscreen=\"allowfullscreen\"><\/iframe>\n<iframe style=\"border-radius: 12px;\" src=\"https:\/\/open.spotify.com\/embed\/episode\/5tK4Zd001glqv3pxYauQiU?utm_source=generator\" width=\"100%\" height=\"352\" frameborder=\"0\" allowfullscreen=\"allowfullscreen\"><\/iframe>\n<iframe src=\"https:\/\/www.ivoox.com\/player_ej_13108529_6_1.html?c1=040c04\" width=\"100%\" height=\"200\" frameborder=\"0\" allowfullscreen=\"\" scrolling=\"no\" loading=\"lazy\"><\/iframe>\n<iframe src=\"https:\/\/www.ivoox.com\/player_ej_19026055_6_1.html?c1=060606\" width=\"100%\" height=\"200\" frameborder=\"0\" scrolling=\"no\" allowfullscreen=\"allowfullscreen\"><\/iframe>\n<iframe src=\"https:\/\/www.ivoox.com\/player_ej_20033356_6_1.html?c1=020202\" width=\"100%\" height=\"200\" frameborder=\"0\" scrolling=\"no\" allowfullscreen=\"allowfullscreen\"><\/iframe>\n<iframe src=\"https:\/\/www.ivoox.com\/player_ej_20267191_6_1.html?c1=040c04\" width=\"100%\" height=\"200\" frameborder=\"0\" allowfullscreen=\"\" scrolling=\"no\" loading=\"lazy\"><\/iframe>\n<iframe src=\"https:\/\/www.ivoox.com\/player_ej_14369421_6_1.html?c1=040c04\" width=\"100%\" height=\"200\" frameborder=\"0\" allowfullscreen=\"\" scrolling=\"no\" loading=\"lazy\"><\/iframe>\n<iframe src=\"https:\/\/www.ivoox.com\/player_ej_13202571_6_1.html?c1=040c04\" width=\"100%\" height=\"200\" frameborder=\"0\" allowfullscreen=\"\" scrolling=\"no\" loading=\"lazy\"><\/iframe>\n<iframe src=\"https:\/\/www.ivoox.com\/player_ej_10388177_6_1.html?c1=040c04\" width=\"100%\" height=\"200\" frameborder=\"0\" allowfullscreen=\"\" scrolling=\"no\" loading=\"lazy\"><\/iframe>\n<iframe src=\"https:\/\/www.ivoox.com\/player_ej_10387908_6_1.html?c1=040c04\" width=\"100%\" height=\"200\" frameborder=\"0\" allowfullscreen=\"\" scrolling=\"no\" loading=\"lazy\"><\/iframe>\t\t\t\t\t\t\t\t<\/div>\n\t\t\t\t<\/div>\n\t\t\t\t<\/div>\n\t\t\t\t\t<\/div>\n\t\t\t\t<\/div>\n\t\t<div class=\"elementor-element elementor-element-c82a4bc e-flex e-con-boxed e-con e-parent\" data-id=\"c82a4bc\" data-element_type=\"container\" data-e-type=\"container\" data-settings=\"{&quot;background_background&quot;:&quot;classic&quot;}\">\n\t\t\t\t\t<div class=\"e-con-inner\">\n\t\t\t\t<div class=\"elementor-element elementor-element-b4ec679 elementor-widget elementor-widget-image\" data-id=\"b4ec679\" data-element_type=\"widget\" data-e-type=\"widget\" data-widget_type=\"image.default\">\n\t\t\t\t<div class=\"elementor-widget-container\">\n\t\t\t\t\t\t\t\t\t\t\t\t\t\t\t\t<a href=\"https:\/\/wa.link\/ruw313\">\n\t\t\t\t\t\t\t<img decoding=\"async\" src=\"https:\/\/elasombro.com\/sitio2024\/wp-content\/uploads\/2024\/02\/04.png\" title=\"04\" alt=\"04\" loading=\"lazy\" \/>\t\t\t\t\t\t\t\t<\/a>\n\t\t\t\t\t\t\t\t\t\t\t\t\t\t\t<\/div>\n\t\t\t\t<\/div>\n\t\t\t\t\t<\/div>\n\t\t\t\t<\/div>\n\t\t\t\t<\/div>\n\t\t","protected":false},"excerpt":{"rendered":"<p>#Trasnoche Clandestina Programa nocturno dedicado a la difusi\u00f3n de Rock \/ Pop Under de Mendoza, Argentina y de Latinoam\u00e9rica.M\u00fasica, entrevistas, [&hellip;]<\/p>\n","protected":false},"author":2,"featured_media":0,"parent":0,"menu_order":0,"comment_status":"closed","ping_status":"closed","template":"","meta":{"site-sidebar-layout":"no-sidebar","site-content-layout":"","ast-site-content-layout":"full-width-container","site-content-style":"default","site-sidebar-style":"default","ast-global-header-display":"","ast-banner-title-visibility":"","ast-main-header-display":"","ast-hfb-above-header-display":"","ast-hfb-below-header-display":"","ast-hfb-mobile-header-display":"","site-post-title":"disabled","ast-breadcrumbs-content":"","ast-featured-img":"disabled","footer-sml-layout":"","ast-disable-related-posts":"","theme-transparent-header-meta":"","adv-header-id-meta":"","stick-header-meta":"","header-above-stick-meta":"","header-main-stick-meta":"","header-below-stick-meta":"","astra-migrate-meta-layouts":"default","ast-page-background-enabled":"default","ast-page-background-meta":{"desktop":{"background-color":"var(--ast-global-color-4)","background-image":"","background-repeat":"repeat","background-position":"center center","background-size":"auto","background-attachment":"scroll","background-type":"","background-media":"","overlay-type":"","overlay-color":"","overlay-opacity":"","overlay-gradient":""},"tablet":{"background-color":"","background-image":"","background-repeat":"repeat","background-position":"center center","background-size":"auto","background-attachment":"scroll","background-type":"","background-media":"","overlay-type":"","overlay-color":"","overlay-opacity":"","overlay-gradient":""},"mobile":{"background-color":"","background-image":"","background-repeat":"repeat","background-position":"center center","background-size":"auto","background-attachment":"scroll","background-type":"","background-media":"","overlay-type":"","overlay-color":"","overlay-opacity":"","overlay-gradient":""}},"ast-content-background-meta":{"desktop":{"background-color":"var(--ast-global-color-5)","background-image":"","background-repeat":"repeat","background-position":"center center","background-size":"auto","background-attachment":"scroll","background-type":"","background-media":"","overlay-type":"","overlay-color":"","overlay-opacity":"","overlay-gradient":""},"tablet":{"background-color":"var(--ast-global-color-5)","background-image":"","background-repeat":"repeat","background-position":"center center","background-size":"auto","background-attachment":"scroll","background-type":"","background-media":"","overlay-type":"","overlay-color":"","overlay-opacity":"","overlay-gradient":""},"mobile":{"background-color":"var(--ast-global-color-5)","background-image":"","background-repeat":"repeat","background-position":"center center","background-size":"auto","background-attachment":"scroll","background-type":"","background-media":"","overlay-type":"","overlay-color":"","overlay-opacity":"","overlay-gradient":""}},"footnotes":""},"class_list":["post-1333","page","type-page","status-publish","hentry"],"_links":{"self":[{"href":"https:\/\/elasombro.com\/sitio2024\/wp-json\/wp\/v2\/pages\/1333","targetHints":{"allow":["GET"]}}],"collection":[{"href":"https:\/\/elasombro.com\/sitio2024\/wp-json\/wp\/v2\/pages"}],"about":[{"href":"https:\/\/elasombro.com\/sitio2024\/wp-json\/wp\/v2\/types\/page"}],"author":[{"embeddable":true,"href":"https:\/\/elasombro.com\/sitio2024\/wp-json\/wp\/v2\/users\/2"}],"replies":[{"embeddable":true,"href":"https:\/\/elasombro.com\/sitio2024\/wp-json\/wp\/v2\/comments?post=1333"}],"version-history":[{"count":52,"href":"https:\/\/elasombro.com\/sitio2024\/wp-json\/wp\/v2\/pages\/1333\/revisions"}],"predecessor-version":[{"id":1808,"href":"https:\/\/elasombro.com\/sitio2024\/wp-json\/wp\/v2\/pages\/1333\/revisions\/1808"}],"wp:attachment":[{"href":"https:\/\/elasombro.com\/sitio2024\/wp-json\/wp\/v2\/media?parent=1333"}],"curies":[{"name":"wp","href":"https:\/\/api.w.org\/{rel}","templated":true}]}}