{"id":998,"date":"2025-01-05T16:15:36","date_gmt":"2025-01-05T16:15:36","guid":{"rendered":"https:\/\/elasombro.com\/sitio2024\/?page_id=998"},"modified":"2025-01-06T00:28:03","modified_gmt":"2025-01-06T00:28:03","slug":"quieren-fama-2","status":"publish","type":"page","link":"https:\/\/elasombro.com\/sitio2024\/quieren-fama-2\/","title":{"rendered":"#Quieren Fama!"},"content":{"rendered":"\t\t<div data-elementor-type=\"wp-page\" data-elementor-id=\"998\" class=\"elementor elementor-998\">\n\t\t\t\t<div class=\"elementor-element elementor-element-847bd7c e-flex e-con-boxed e-con e-parent\" data-id=\"847bd7c\" data-element_type=\"container\" data-e-type=\"container\" data-settings=\"{&quot;background_background&quot;:&quot;classic&quot;}\">\n\t\t\t\t\t<div class=\"e-con-inner\">\n\t\t\t\t<div class=\"elementor-element elementor-element-7b1e458 elementor-widget elementor-widget-image\" data-id=\"7b1e458\" data-element_type=\"widget\" data-e-type=\"widget\" data-widget_type=\"image.default\">\n\t\t\t\t<div class=\"elementor-widget-container\">\n\t\t\t\t\t\t\t\t\t\t\t\t\t\t\t\t<a href=\"https:\/\/elasombro.com\/sitio2024\/contenidos\/\">\n\t\t\t\t\t\t\t<img decoding=\"async\" width=\"160\" height=\"63\" src=\"https:\/\/elasombro.com\/sitio2024\/wp-content\/uploads\/2025\/01\/logoWEb-1.png\" class=\"attachment-medium_large size-medium_large wp-image-938\" alt=\"\" \/>\t\t\t\t\t\t\t\t<\/a>\n\t\t\t\t\t\t\t\t\t\t\t\t\t\t\t<\/div>\n\t\t\t\t<\/div>\n\t\t\t\t\t<\/div>\n\t\t\t\t<\/div>\n\t\t<div class=\"elementor-element elementor-element-383e2f6 e-flex e-con-boxed e-con e-parent\" data-id=\"383e2f6\" data-element_type=\"container\" data-e-type=\"container\" data-settings=\"{&quot;background_background&quot;:&quot;classic&quot;}\">\n\t\t\t\t\t<div class=\"e-con-inner\">\n\t\t\t\t<div class=\"elementor-element elementor-element-2a5efba elementor-widget elementor-widget-image\" data-id=\"2a5efba\" data-element_type=\"widget\" data-e-type=\"widget\" data-widget_type=\"image.default\">\n\t\t\t\t<div class=\"elementor-widget-container\">\n\t\t\t\t\t\t\t\t\t\t\t\t\t\t\t<img decoding=\"async\" src=\"https:\/\/elasombro.com\/sitio2024\/wp-content\/uploads\/2025\/01\/CONTENIDOS.png\" title=\"CONTENIDOS\" alt=\"CONTENIDOS\" loading=\"lazy\" \/>\t\t\t\t\t\t\t\t\t\t\t\t\t\t\t<\/div>\n\t\t\t\t<\/div>\n\t\t\t\t\t<\/div>\n\t\t\t\t<\/div>\n\t\t<div class=\"elementor-element elementor-element-f97ee45 e-flex e-con-boxed e-con e-parent\" data-id=\"f97ee45\" data-element_type=\"container\" data-e-type=\"container\" data-settings=\"{&quot;background_background&quot;:&quot;classic&quot;}\">\n\t\t\t\t\t<div class=\"e-con-inner\">\n\t\t<div class=\"elementor-element elementor-element-2118f1a e-con-full e-flex e-con e-child\" data-id=\"2118f1a\" data-element_type=\"container\" data-e-type=\"container\" data-settings=\"{&quot;background_background&quot;:&quot;classic&quot;}\">\n\t\t<div class=\"elementor-element elementor-element-e283c87 e-con-full e-flex e-con e-child\" data-id=\"e283c87\" data-element_type=\"container\" data-e-type=\"container\">\n\t\t\t\t<div class=\"elementor-element elementor-element-bf47ecf elementor-widget elementor-widget-image\" data-id=\"bf47ecf\" data-element_type=\"widget\" data-e-type=\"widget\" data-widget_type=\"image.default\">\n\t\t\t\t<div class=\"elementor-widget-container\">\n\t\t\t\t\t\t\t\t\t\t\t\t\t\t\t<img fetchpriority=\"high\" decoding=\"async\" width=\"1198\" height=\"720\" src=\"https:\/\/elasombro.com\/sitio2024\/wp-content\/uploads\/2025\/01\/AperturaQuierenFamaStream-Thumbnail.png\" class=\"attachment-2048x2048 size-2048x2048 wp-image-879\" alt=\"\" srcset=\"https:\/\/elasombro.com\/sitio2024\/wp-content\/uploads\/2025\/01\/AperturaQuierenFamaStream-Thumbnail.png 1198w, https:\/\/elasombro.com\/sitio2024\/wp-content\/uploads\/2025\/01\/AperturaQuierenFamaStream-Thumbnail-600x361.png 600w, https:\/\/elasombro.com\/sitio2024\/wp-content\/uploads\/2025\/01\/AperturaQuierenFamaStream-Thumbnail-300x180.png 300w, https:\/\/elasombro.com\/sitio2024\/wp-content\/uploads\/2025\/01\/AperturaQuierenFamaStream-Thumbnail-1024x615.png 1024w, https:\/\/elasombro.com\/sitio2024\/wp-content\/uploads\/2025\/01\/AperturaQuierenFamaStream-Thumbnail-768x462.png 768w\" sizes=\"(max-width: 1198px) 100vw, 1198px\" \/>\t\t\t\t\t\t\t\t\t\t\t\t\t\t\t<\/div>\n\t\t\t\t<\/div>\n\t\t\t\t<\/div>\n\t\t<div class=\"elementor-element elementor-element-32f662d e-flex e-con-boxed e-con e-child\" data-id=\"32f662d\" data-element_type=\"container\" data-e-type=\"container\">\n\t\t\t\t\t<div class=\"e-con-inner\">\n\t\t\t\t<div class=\"elementor-element elementor-element-8ab8a40 elementor-widget elementor-widget-heading\" data-id=\"8ab8a40\" data-element_type=\"widget\" data-e-type=\"widget\" data-widget_type=\"heading.default\">\n\t\t\t\t<div class=\"elementor-widget-container\">\n\t\t\t\t\t<h1 class=\"elementor-heading-title elementor-size-default\">#Quieren Fama!<\/h1>\t\t\t\t<\/div>\n\t\t\t\t<\/div>\n\t\t\t\t\t<\/div>\n\t\t\t\t<\/div>\n\t\t\t\t<\/div>\n\t\t<div class=\"elementor-element elementor-element-9727a90 e-con-full e-flex e-con e-child\" data-id=\"9727a90\" data-element_type=\"container\" data-e-type=\"container\" data-settings=\"{&quot;background_background&quot;:&quot;classic&quot;}\">\n\t\t\t\t<div class=\"elementor-element elementor-element-cb4f6de elementor-widget elementor-widget-text-editor\" data-id=\"cb4f6de\" data-element_type=\"widget\" data-e-type=\"widget\" data-widget_type=\"text-editor.default\">\n\t\t\t\t<div class=\"elementor-widget-container\">\n\t\t\t\t\t\t\t\t\t<p>Un podcast radial (ahora Streaming) desafiante y entretenido que ofrece una visi\u00f3n cr\u00edtica y humor\u00edstica de la realidad socio-pol\u00edtica actual. <br \/>Hablamos de deportes, pol\u00edtica y con m\u00e1s \u00e9nfasis de cultura general. <br \/>Este show promete llevarte en un viaje lleno de cultura, entrevistas, debate y risas.<\/p><p>Desde deportes hasta pol\u00edtica, pasando por la cultura general, #QuierenFama aborda una amplia gama de temas con un enfoque fresco y atrevido. <br \/>Centrado en la interacci\u00f3n con los oyentes, incluidos aquellos *Haters* o cr\u00edticos, buscando as\u00ed fomentar el pensamiento cr\u00edtico y el debate saludable. <br \/>Dale Play!<\/p><p>Conducido por Joe Polenta &amp; Victor Viola. <br \/>Emitido al aire y online en vivo, por Estaci\u00f3n Red So\u00f1arte y a trav\u00e9s de Streaming por las plataformas habituales.<\/p>\t\t\t\t\t\t\t\t<\/div>\n\t\t\t\t<\/div>\n\t\t\t\t<\/div>\n\t\t\t\t\t<\/div>\n\t\t\t\t<\/div>\n\t\t<div class=\"elementor-element elementor-element-eb75d6b e-flex e-con-boxed e-con e-parent\" data-id=\"eb75d6b\" data-element_type=\"container\" data-e-type=\"container\" data-settings=\"{&quot;background_background&quot;:&quot;classic&quot;}\">\n\t\t\t\t\t<div class=\"e-con-inner\">\n\t\t\t\t<div class=\"elementor-element elementor-element-636c2f8 elementor-widget elementor-widget-text-editor\" data-id=\"636c2f8\" data-element_type=\"widget\" data-e-type=\"widget\" data-widget_type=\"text-editor.default\">\n\t\t\t\t<div class=\"elementor-widget-container\">\n\t\t\t\t\t\t\t\t\t<p><iframe style=\"border-radius: 12px;\" src=\"https:\/\/open.spotify.com\/embed\/episode\/4b17tIeVa1xKTTsxdAK21x?utm_source=generator\" width=\"100%\" height=\"352\" frameborder=\"0\" allowfullscreen=\"allowfullscreen\"><\/iframe><br \/><iframe style=\"border-radius: 12px;\" src=\"https:\/\/open.spotify.com\/embed\/episode\/3XBNqIXBzekJbdcUmABqQ5?utm_source=generator\" width=\"100%\" height=\"352\" frameborder=\"0\" allowfullscreen=\"allowfullscreen\"><\/iframe><br \/><iframe style=\"border-radius: 12px;\" src=\"https:\/\/open.spotify.com\/embed\/episode\/2GZzFoNJpByPyyc6Uj7P7D?utm_source=generator\" width=\"100%\" height=\"352\" frameborder=\"0\" allowfullscreen=\"allowfullscreen\"><\/iframe><\/p>\t\t\t\t\t\t\t\t<\/div>\n\t\t\t\t<\/div>\n\t\t\t\t\t<\/div>\n\t\t\t\t<\/div>\n\t\t<div class=\"elementor-element elementor-element-5837621 e-flex e-con-boxed e-con e-parent\" data-id=\"5837621\" data-element_type=\"container\" data-e-type=\"container\" data-settings=\"{&quot;background_background&quot;:&quot;classic&quot;}\">\n\t\t\t\t\t<div class=\"e-con-inner\">\n\t\t\t\t<div class=\"elementor-element elementor-element-b3e0195 elementor-widget elementor-widget-image\" data-id=\"b3e0195\" data-element_type=\"widget\" data-e-type=\"widget\" data-widget_type=\"image.default\">\n\t\t\t\t<div class=\"elementor-widget-container\">\n\t\t\t\t\t\t\t\t\t\t\t\t\t\t\t\t<a href=\"https:\/\/wa.link\/ruw313\">\n\t\t\t\t\t\t\t<img decoding=\"async\" src=\"https:\/\/elasombro.com\/sitio2024\/wp-content\/uploads\/2024\/02\/04.png\" title=\"04\" alt=\"04\" loading=\"lazy\" \/>\t\t\t\t\t\t\t\t<\/a>\n\t\t\t\t\t\t\t\t\t\t\t\t\t\t\t<\/div>\n\t\t\t\t<\/div>\n\t\t\t\t\t<\/div>\n\t\t\t\t<\/div>\n\t\t\t\t<\/div>\n\t\t","protected":false},"excerpt":{"rendered":"<p>#Quieren Fama! Un podcast radial (ahora Streaming) desafiante y entretenido que ofrece una visi\u00f3n cr\u00edtica y humor\u00edstica de la realidad [&hellip;]<\/p>\n","protected":false},"author":2,"featured_media":0,"parent":0,"menu_order":0,"comment_status":"closed","ping_status":"closed","template":"","meta":{"site-sidebar-layout":"no-sidebar","site-content-layout":"","ast-site-content-layout":"full-width-container","site-content-style":"default","site-sidebar-style":"default","ast-global-header-display":"","ast-banner-title-visibility":"","ast-main-header-display":"","ast-hfb-above-header-display":"","ast-hfb-below-header-display":"","ast-hfb-mobile-header-display":"","site-post-title":"disabled","ast-breadcrumbs-content":"","ast-featured-img":"disabled","footer-sml-layout":"","ast-disable-related-posts":"","theme-transparent-header-meta":"","adv-header-id-meta":"","stick-header-meta":"","header-above-stick-meta":"","header-main-stick-meta":"","header-below-stick-meta":"","astra-migrate-meta-layouts":"default","ast-page-background-enabled":"default","ast-page-background-meta":{"desktop":{"background-color":"var(--ast-global-color-4)","background-image":"","background-repeat":"repeat","background-position":"center center","background-size":"auto","background-attachment":"scroll","background-type":"","background-media":"","overlay-type":"","overlay-color":"","overlay-opacity":"","overlay-gradient":""},"tablet":{"background-color":"","background-image":"","background-repeat":"repeat","background-position":"center center","background-size":"auto","background-attachment":"scroll","background-type":"","background-media":"","overlay-type":"","overlay-color":"","overlay-opacity":"","overlay-gradient":""},"mobile":{"background-color":"","background-image":"","background-repeat":"repeat","background-position":"center center","background-size":"auto","background-attachment":"scroll","background-type":"","background-media":"","overlay-type":"","overlay-color":"","overlay-opacity":"","overlay-gradient":""}},"ast-content-background-meta":{"desktop":{"background-color":"var(--ast-global-color-5)","background-image":"","background-repeat":"repeat","background-position":"center center","background-size":"auto","background-attachment":"scroll","background-type":"","background-media":"","overlay-type":"","overlay-color":"","overlay-opacity":"","overlay-gradient":""},"tablet":{"background-color":"var(--ast-global-color-5)","background-image":"","background-repeat":"repeat","background-position":"center center","background-size":"auto","background-attachment":"scroll","background-type":"","background-media":"","overlay-type":"","overlay-color":"","overlay-opacity":"","overlay-gradient":""},"mobile":{"background-color":"var(--ast-global-color-5)","background-image":"","background-repeat":"repeat","background-position":"center center","background-size":"auto","background-attachment":"scroll","background-type":"","background-media":"","overlay-type":"","overlay-color":"","overlay-opacity":"","overlay-gradient":""}},"footnotes":""},"class_list":["post-998","page","type-page","status-publish","hentry"],"_links":{"self":[{"href":"https:\/\/elasombro.com\/sitio2024\/wp-json\/wp\/v2\/pages\/998","targetHints":{"allow":["GET"]}}],"collection":[{"href":"https:\/\/elasombro.com\/sitio2024\/wp-json\/wp\/v2\/pages"}],"about":[{"href":"https:\/\/elasombro.com\/sitio2024\/wp-json\/wp\/v2\/types\/page"}],"author":[{"embeddable":true,"href":"https:\/\/elasombro.com\/sitio2024\/wp-json\/wp\/v2\/users\/2"}],"replies":[{"embeddable":true,"href":"https:\/\/elasombro.com\/sitio2024\/wp-json\/wp\/v2\/comments?post=998"}],"version-history":[{"count":82,"href":"https:\/\/elasombro.com\/sitio2024\/wp-json\/wp\/v2\/pages\/998\/revisions"}],"predecessor-version":[{"id":1317,"href":"https:\/\/elasombro.com\/sitio2024\/wp-json\/wp\/v2\/pages\/998\/revisions\/1317"}],"wp:attachment":[{"href":"https:\/\/elasombro.com\/sitio2024\/wp-json\/wp\/v2\/media?parent=998"}],"curies":[{"name":"wp","href":"https:\/\/api.w.org\/{rel}","templated":true}]}}